{"id":3,"date":"2024-09-12T20:00:01","date_gmt":"2024-09-12T20:00:01","guid":{"rendered":"https:\/\/webmarketpro.net\/?page_id=3"},"modified":"2026-01-27T07:11:48","modified_gmt":"2026-01-27T11:11:48","slug":"privacy-policy","status":"publish","type":"page","link":"https:\/\/webmarketpro.net\/es\/privacy-policy\/","title":{"rendered":"pol\u00edtica de privacidad"},"content":{"rendered":"<div data-elementor-type=\"wp-page\" data-elementor-id=\"3\" class=\"elementor elementor-3\" data-elementor-post-type=\"page\">\n\t\t\t\t<div data-particle_enable=\"false\" data-particle-mobile-disabled=\"false\" class=\"elementor-element elementor-element-2bf7c1f4 e-con-full e-flex e-con e-parent\" data-id=\"2bf7c1f4\" data-element_type=\"container\" data-e-type=\"container\" data-settings=\"{&quot;ekit_has_onepagescroll_dot&quot;:&quot;yes&quot;}\">\n\t\t\t\t<div class=\"elementor-element elementor-element-7c6d7fc7 elementor-widget elementor-widget-text-editor\" data-id=\"7c6d7fc7\" data-element_type=\"widget\" data-e-type=\"widget\" data-settings=\"{&quot;ekit_we_effect_on&quot;:&quot;none&quot;}\" data-widget_type=\"text-editor.default\">\n\t\t\t\t<div class=\"elementor-widget-container\">\n\t\t\t\t\t\t\t\t\t<h1 data-path-to-node=\"4\">Pol\u00edtica de Privacidad<\/h1><p data-path-to-node=\"5\"><b data-path-to-node=\"5\" data-index-in-node=\"0\">\u00daltima actualizaci\u00f3n:<\/b> 27 de Enero de 2026<\/p><p data-path-to-node=\"6\">WebMarketPro (&#8220;nosotros&#8221;, &#8220;nuestro&#8221; o &#8220;la aplicaci\u00f3n&#8221;) opera la aplicaci\u00f3n WebMarketPro. Esta p\u00e1gina le informa sobre nuestras pol\u00edticas con respecto a la recopilaci\u00f3n, el uso y la divulgaci\u00f3n de datos personales cuando utiliza nuestro Servicio y las opciones que tiene asociadas con esos datos.<\/p><p data-path-to-node=\"7\"><b data-path-to-node=\"7\" data-index-in-node=\"0\">1. Informaci\u00f3n que recopilamos<\/b><\/p><p data-path-to-node=\"8\">Para mejorar su experiencia al usar nuestro Servicio, es posible que le solicitemos que nos proporcione cierta informaci\u00f3n de identificaci\u00f3n personal. La informaci\u00f3n que solicitamos ser\u00e1 retenida por nosotros y utilizada como se describe en esta pol\u00edtica de privacidad.<\/p><p data-path-to-node=\"9\">La aplicaci\u00f3n utiliza servicios de terceros que pueden recopilar informaci\u00f3n utilizada para identificarlo.<\/p><p data-path-to-node=\"10\">Proveedores de servicios de terceros utilizados por la aplicaci\u00f3n:<\/p><ul data-path-to-node=\"11\"><li><p data-path-to-node=\"11,0,0\">Google Play Services<\/p><\/li><\/ul><p data-path-to-node=\"12\"><b data-path-to-node=\"12\" data-index-in-node=\"0\">2. Datos de registro (Log Data)<\/b><\/p><p data-path-to-node=\"13\">Queremos informarle que cada vez que utiliza nuestro Servicio, en caso de un error en la aplicaci\u00f3n, recopilamos datos e informaci\u00f3n (a trav\u00e9s de productos de terceros) en su tel\u00e9fono llamado Datos de registro. Estos datos de registro pueden incluir informaci\u00f3n como la direcci\u00f3n de Protocolo de Internet (&#8220;IP&#8221;) de su dispositivo, el nombre del dispositivo, la versi\u00f3n del sistema operativo, la configuraci\u00f3n de la aplicaci\u00f3n cuando utiliza nuestro Servicio, la hora y fecha de su uso del Servicio y otras estad\u00edsticas.<\/p><p data-path-to-node=\"14\"><b data-path-to-node=\"14\" data-index-in-node=\"0\">3. Cookies<\/b><\/p><p data-path-to-node=\"15\">Las cookies son archivos con una peque\u00f1a cantidad de datos que se utilizan com\u00fanmente como identificadores \u00fanicos an\u00f3nimos. Estos se env\u00edan a su navegador desde los sitios web que visita y se almacenan en la memoria interna de su dispositivo.<\/p><p data-path-to-node=\"16\">Este Servicio no utiliza estas &#8220;cookies&#8221; expl\u00edcitamente. Sin embargo, la aplicaci\u00f3n puede utilizar c\u00f3digos y bibliotecas de terceros que utilizan &#8220;cookies&#8221; para recopilar informaci\u00f3n y mejorar sus servicios. Tiene la opci\u00f3n de aceptar o rechazar estas cookies y saber cu\u00e1ndo se env\u00eda una cookie a su dispositivo.<\/p><p data-path-to-node=\"17\"><b data-path-to-node=\"17\" data-index-in-node=\"0\">4. Seguridad<\/b><\/p><p data-path-to-node=\"18\">Valoramos su confianza al proporcionarnos su informaci\u00f3n personal, por lo que nos esforzamos por utilizar medios comercialmente aceptables para protegerla. Pero recuerde que ning\u00fan m\u00e9todo de transmisi\u00f3n a<span class=\"citation-1016 citation-end-1016\"> trav\u00e9s de Internet o m\u00e9todo de almacenamiento electr\u00f3nico es 100% seguro y confiable, y no podemos garantizar su seguridad absoluta.<\/span><\/p><p data-path-to-node=\"19\"><b data-path-to-node=\"19\" data-index-in-node=\"0\"><span class=\"citation-1015 citation-end-1015\">5. Enlaces a otros sitios<\/span><\/b><\/p><p data-path-to-node=\"20\"><span class=\"citation-1014 citation-end-1014\">Este Servicio puede contener enlaces a otros sitios. Si ha<\/span>ce clic en un enlace de un tercero, ser\u00e1 dirigido a ese sitio. Tenga en cuenta que estos sitios externos no son operados por nosotros. Por lo tanto, le recomendamos encarecidamente que revise la Pol\u00edtica de Privacidad de estos sitios we<span class=\"citation-1013\">b. No tenemos control ni asumimos ninguna responsabilidad por el contenido, las pol\u00edticas de privacidad o las pr\u00e1cticas de sitios <\/span><span class=\"citation-1010 citation-1011 citation-1012 citation-1013 citation-end-1013\">o servicios de terceros.<\/span><\/p><p data-path-to-node=\"21\"><b data-path-to-node=\"21\" data-index-in-node=\"0\"><span class=\"citation-1006 citation-1007 citation-1008 citation-1009 citation-end-1009\">6. Privacidad de los ni\u00f1os<\/span><\/b><\/p><p data-path-to-node=\"22\"><span class=\"citation-1002 citation-1003 citation-1004 citation-1005 citation-end-1005\">Nuestros Servicios no se dirigen a menores de 13 a\u00f1os. N<\/span><span class=\"citation-1002 citation-1003 citation-1004 citation-end-1004\">o recopilamos a sabiendas informaci\u00f3n de identificaci\u00f3n personal de ni\u00f1os menores de 13 a\u00f1os. En el caso de que descubramos que un ni\u00f1o menor de 13 a\u00f1os nos ha proporcionado informaci\u00f3n per<\/span><span class=\"citation-1002 citation-1003 citation-end-1003\">sonal, la eliminamos inmediatamente de nuestros servidores. Si usted es un padre o tutor y sabe que su hijo nos ha prop<\/span><span class=\"citation-1002 citation-end-1002\">orcionad<\/span>o informaci\u00f3n personal, comun\u00edquese con nosotros.<\/p><p data-path-to-node=\"23\"><b data-path-to-node=\"23\" data-index-in-node=\"0\">7. Cambios a esta Pol\u00edtica de Privacidad<\/b><\/p><p data-path-to-node=\"24\">Es posible que actualicemos nuestra Pol\u00edtica de Privacidad de vez en cuando. Por lo tanto, se le recomienda revisar esta p\u00e1gina peri\u00f3dicamente para ver si hay cambios. Le notificaremos cualquier cambio publicando la nueva Pol\u00edtica de Privacidad en esta p\u00e1gina.<\/p><p data-path-to-node=\"25\"><b data-path-to-node=\"25\" data-index-in-node=\"0\">8. Solicitud de eliminaci<span class=\"citation-1001\">\u00f3n de datos<\/span><\/b><\/p><p data-path-to-node=\"26\"><span class=\"citation-1000\">De acuerdo con las normativas de privacidad aplicables y las pol\u00edticas de Google Play, usted <\/span><span class=\"citation-999 citation-1000 citation-end-1000\">tiene derecho a solicitar la eliminaci\u00f3n de sus datos personales almacenados en nuestros servidores. Si desea soli<\/span><span class=\"citation-999 citation-end-999\">citar la eliminaci\u00f3n de su cuenta y de los datos asociados, siga estos pasos:<\/span><\/p><div class=\"source-inline-chip-container ng-star-inserted\">\u00a0<\/div><div class=\"source-inline-chip-container ng-star-inserted\">\u00a0<\/div><ol start=\"1\" data-path-to-node=\"27\"><li><p data-path-to-node=\"27,0,0\"><span class=\"citation-998\">Env\u00ede un correo electr\u00f3nico a <\/span><b data-path-to-node=\"27,0,0\" data-index-in-node=\"30\"><span class=\"citation-998\">admin@webmarketpro.net<\/span><\/b><span class=\"citation-998 citation-end-998\"> con el asunto &#8220;Solicitud de eliminaci\u00f3n de datos&#8221;<\/span>.<\/p><div class=\"source-inline-chip-container ng-star-inserted\">\u00a0<\/div><\/li><li><p data-path-to-node=\"27,1,0\">Incluya en el cuerpo del mensaje la informaci\u00f3n necesaria para identificar su cuenta (por ejemplo, su nombre de usuario o el correo electr\u00f3nico registrado en la app).<\/p><\/li><\/ol><p>\u00a0<\/p><p data-path-to-node=\"28\">Una vez recibida la solicitud, procederemos a eliminar sus datos personales de nuestros registros activos en un plazo razonable, a menos que estemos obligados a conservar cierta informaci\u00f3n por motivos legales o administrativos.<\/p><p data-path-to-node=\"29\"><b data-path-to-node=\"29\" data-index-in-node=\"0\">9. Cont\u00e1ctenos<\/b><\/p><p data-path-to-node=\"30\">Si tiene alguna pregunta o sugerencia sobre nuestra Pol\u00edtica de Privacidad, no dude en contactarnos en:<\/p><ul data-path-to-node=\"31\"><li><p data-path-to-node=\"31,0,0\"><b data-path-to-node=\"31,0,0\" data-index-in-node=\"0\">Correo el<span class=\"citation-997\">ectr\u00f3nico:<\/span><\/b><span class=\"citation-997 citation-end-997\"> admin@webmarketpro.net<\/span><\/p><div class=\"source-inline-chip-container ng-star-inserted\">\u00a0<\/div><\/li><li><p data-path-to-node=\"31,1,0\"><b data-path-to-node=\"31,1,0\" data-index-in-node=\"0\"><span class=\"citation-996\">Sitio Web:<\/span><\/b> <a class=\"ng-star-inserted\" href=\"https:\/\/webmarketpro.net\" target=\"_blank\" rel=\"noopener\"><span class=\"citation-996 citation-end-996\">https:\/\/webmarketpro.net<\/span><\/a><\/p><\/li><\/ul>\t\t\t\t\t\t\t\t<\/div>\n\t\t\t\t<\/div>\n\t\t\t\t<\/div>\n\t\t\t\t<\/div>","protected":false},"excerpt":{"rendered":"<p>Pol\u00edtica de Privacidad \u00daltima actualizaci\u00f3n: 27 de Enero de 2026 WebMarketPro (&#8220;nosotros&#8221;, &#8220;nuestro&#8221; o &#8220;la aplicaci\u00f3n&#8221;) opera la aplicaci\u00f3n WebMarketPro. Esta p\u00e1gina le informa sobre nuestras pol\u00edticas con respecto a la recopilaci\u00f3n, el uso y la divulgaci\u00f3n de datos personales cuando utiliza nuestro Servicio y las opciones que tiene asociadas con esos datos. 1. Informaci\u00f3n [&hellip;]<\/p>","protected":false},"author":1,"featured_media":0,"parent":0,"menu_order":0,"comment_status":"closed","ping_status":"open","template":"elementor_canvas","meta":{"footnotes":""},"class_list":["post-3","page","type-page","status-publish","hentry"],"_links":{"self":[{"href":"https:\/\/webmarketpro.net\/es\/wp-json\/wp\/v2\/pages\/3","targetHints":{"allow":["GET"]}}],"collection":[{"href":"https:\/\/webmarketpro.net\/es\/wp-json\/wp\/v2\/pages"}],"about":[{"href":"https:\/\/webmarketpro.net\/es\/wp-json\/wp\/v2\/types\/page"}],"author":[{"embeddable":true,"href":"https:\/\/webmarketpro.net\/es\/wp-json\/wp\/v2\/users\/1"}],"replies":[{"embeddable":true,"href":"https:\/\/webmarketpro.net\/es\/wp-json\/wp\/v2\/comments?post=3"}],"version-history":[{"count":14,"href":"https:\/\/webmarketpro.net\/es\/wp-json\/wp\/v2\/pages\/3\/revisions"}],"predecessor-version":[{"id":3145,"href":"https:\/\/webmarketpro.net\/es\/wp-json\/wp\/v2\/pages\/3\/revisions\/3145"}],"wp:attachment":[{"href":"https:\/\/webmarketpro.net\/es\/wp-json\/wp\/v2\/media?parent=3"}],"curies":[{"name":"wp","href":"https:\/\/api.w.org\/{rel}","templated":true}]}}