{"id":2894,"date":"2025-05-27T13:27:01","date_gmt":"2025-05-27T17:27:01","guid":{"rendered":"https:\/\/webmarketpro.net\/?post_type=product&#038;p=2894"},"modified":"2025-05-27T17:38:46","modified_gmt":"2025-05-27T21:38:46","slug":"arturia-minilab-3-compact-midi-keyboard-pad-controller","status":"publish","type":"product","link":"https:\/\/webmarketpro.net\/es\/tienda\/controlador-de-pads-de-teclado-midi-compacto-arturia-minilab-3\/","title":{"rendered":"Arturia Minilab 3"},"content":{"rendered":"<p>Arturia Minilab 3 Teclado MIDI compacto y controlador de pad. Pr\u00e1ctico y f\u00e1cil de usar Desde el teclado de gran tacto hasta los pads y faders integrados directamente con Analog Lab y tu DAW, pasando por la minipantalla en tiempo real, cada aspecto de MiniLab 3 est\u00e1 dise\u00f1ado para ser intuitivo, expresivo y un placer de usar, tanto para principiantes como para profesionales. Libera tu sonido y disfruta creando m\u00fasica con un teclado MIDI plug-and-play que lo hace todo: controla tu DAW, disfruta de teclas de calidad profesional, introduce melod\u00edas de sintetizador y loops de bater\u00eda, explora cientos de sonidos y samples incluidos y conecta a equipos MIDI, todo a la vez. MiniLab 3 es el controlador que se adapta a tus necesidades, estilo y flujo de trabajo, para que puedas crear m\u00fasica justo como te gusta. Funciones creativas Disfruta de un flujo de trabajo que facilita el proceso creativo, con funciones como un arpegiador integrado, modo de acordes, presets de mapeo DAW personalizados y transposici\u00f3n sencilla. Crear m\u00fasica nunca ha sido tan accesible. Dise\u00f1o port\u00e1til y compatible MiniLab 3 se integra a la perfecci\u00f3n en cualquier entorno, desde el dormitorio hasta el escenario, gracias a su dise\u00f1o compacto y ligero, mayor integraci\u00f3n con DAW y conectividad de salida MIDI y USB-C. Dise\u00f1o ecol\u00f3gico de larga duraci\u00f3n MiniLab 3 est\u00e1 dise\u00f1ado pensando en la longevidad y la sostenibilidad. Su dise\u00f1o robusto y listo para usar, su construcci\u00f3n con al menos un 50 % de pl\u00e1stico reciclado y su embalaje 100 % reciclado garantizan que este controlador sea duradero. Software creativo incluido Adem\u00e1s de un controlador MIDI de primera clase, obtendr\u00e1s un paquete completo de software premium para crear m\u00fasica, desde un DAW est\u00e1ndar de la industria hasta m\u00e1s de 500 presets de sintetizador y teclado listos para mezclar. Software incluido: Analog Lab Intro, Ableton Live Lite, UVI Model D, Native Instruments The Gentleman, paquetes de samples y suscripci\u00f3n a Loopcloud, suscripci\u00f3n a Melodics. Compatible con Mac OS X y Windows.<\/p>","protected":false},"excerpt":{"rendered":"<p>Arturia Minilab 3 Compact MIDI keyboard &amp; Pad Controller. Pr\u00e1ctico y f\u00e1cil de usar Desde el teclado de gran tacto hasta los pads y faders integrados directamente con Analog Lab y tu DAW, pasando por la minipantalla en tiempo real, cada aspecto de MiniLab 3 est\u00e1 dise\u00f1ado para ser intuitivo, expresivo y un placer de [&hellip;]<\/p>","protected":false},"featured_media":2895,"template":"","meta":[],"product_brand":[39],"product_cat":[38,37],"product_tag":[40,41,42],"class_list":{"0":"post-2894","1":"product","2":"type-product","3":"status-publish","4":"has-post-thumbnail","6":"product_brand-arturia","7":"product_cat-keyboard","8":"product_cat-midi","9":"product_tag-arturia","10":"product_tag-keyboard","11":"product_tag-midi","13":"first","14":"instock","15":"downloadable","16":"virtual","17":"purchasable","18":"product-type-simple"},"_links":{"self":[{"href":"https:\/\/webmarketpro.net\/es\/wp-json\/wp\/v2\/product\/2894","targetHints":{"allow":["GET"]}}],"collection":[{"href":"https:\/\/webmarketpro.net\/es\/wp-json\/wp\/v2\/product"}],"about":[{"href":"https:\/\/webmarketpro.net\/es\/wp-json\/wp\/v2\/types\/product"}],"version-history":[{"count":0,"href":"https:\/\/webmarketpro.net\/es\/wp-json\/wp\/v2\/product\/2894\/revisions"}],"wp:featuredmedia":[{"embeddable":true,"href":"https:\/\/webmarketpro.net\/es\/wp-json\/wp\/v2\/media\/2895"}],"wp:attachment":[{"href":"https:\/\/webmarketpro.net\/es\/wp-json\/wp\/v2\/media?parent=2894"}],"wp:term":[{"taxonomy":"product_brand","embeddable":true,"href":"https:\/\/webmarketpro.net\/es\/wp-json\/wp\/v2\/product_brand?post=2894"},{"taxonomy":"product_cat","embeddable":true,"href":"https:\/\/webmarketpro.net\/es\/wp-json\/wp\/v2\/product_cat?post=2894"},{"taxonomy":"product_tag","embeddable":true,"href":"https:\/\/webmarketpro.net\/es\/wp-json\/wp\/v2\/product_tag?post=2894"}],"curies":[{"name":"wp","href":"https:\/\/api.w.org\/{rel}","templated":true}]}}