{"id":2896,"date":"2025-05-27T13:39:32","date_gmt":"2025-05-27T17:39:32","guid":{"rendered":"https:\/\/webmarketpro.net\/?post_type=product&#038;p=2896"},"modified":"2025-05-27T17:37:40","modified_gmt":"2025-05-27T21:37:40","slug":"krk-classic-8-g3-8-classic-studio-monitor","status":"publish","type":"product","link":"https:\/\/webmarketpro.net\/es\/tienda\/monitor-de-estudio-clasico-krk-classic-8-g3-de-8-pulgadas\/","title":{"rendered":"KRK Classic 8 G3 8\u201d"},"content":{"rendered":"","protected":false},"excerpt":{"rendered":"<div class=\"gtx-body\">Bas\u00e1ndose en el legado de precisi\u00f3n y rendimiento de KRK, la nueva Serie Cl\u00e1sica de monitores de estudio autoamplificados KRK incorpora m\u00e1s de 30 a\u00f1os de innovaci\u00f3n. Tomando prestados conceptos de l\u00edneas ROKIT anteriores, la Serie Cl\u00e1sica adopta una nueva soluci\u00f3n de frecuencia plana para una escucha m\u00e1s cr\u00edtica y mezclas m\u00e1s precisas. Con la opci\u00f3n de activar el refuerzo de graves KRK de +2 dB, la Serie Cl\u00e1sica proporciona la respuesta de graves mejorada y el sonido que los creadores musicales de todo el mundo han adorado durante a\u00f1os. Todos los modelos de la Serie Cl\u00e1sica ofrecen una respuesta natural y equilibrada con baja distorsi\u00f3n y una imagen est\u00e9reo superior. Experimente cada matiz con los monitores de estudio KRK. Monitor de estudio profesional CLASSIC 8 El CLASSIC 8 es un monitor de estudio activo (autoamplificado) de dos v\u00edas que utiliza un tweeter de c\u00fapula blanda textil de 1\u2033 y un woofer de aramida de vidrio de 8\u2033. Los amplificadores de potencia integrados proporcionan un total de 100 vatios de potencia, con un amplificador de 75 vatios para el woofer y otro de 25 vatios para el tweeter.<\/div>","protected":false},"featured_media":2897,"template":"","meta":[],"product_brand":[44],"product_cat":[43],"product_tag":[46,45,47],"class_list":{"0":"post-2896","1":"product","2":"type-product","3":"status-publish","4":"has-post-thumbnail","6":"product_brand-krk","7":"product_cat-cornetas","8":"product_tag-cornetasd","9":"product_tag-krk-8","10":"product_tag-monitor-grabacion","12":"first","13":"instock","14":"downloadable","15":"virtual","16":"purchasable","17":"product-type-simple"},"_links":{"self":[{"href":"https:\/\/webmarketpro.net\/es\/wp-json\/wp\/v2\/product\/2896","targetHints":{"allow":["GET"]}}],"collection":[{"href":"https:\/\/webmarketpro.net\/es\/wp-json\/wp\/v2\/product"}],"about":[{"href":"https:\/\/webmarketpro.net\/es\/wp-json\/wp\/v2\/types\/product"}],"version-history":[{"count":0,"href":"https:\/\/webmarketpro.net\/es\/wp-json\/wp\/v2\/product\/2896\/revisions"}],"wp:featuredmedia":[{"embeddable":true,"href":"https:\/\/webmarketpro.net\/es\/wp-json\/wp\/v2\/media\/2897"}],"wp:attachment":[{"href":"https:\/\/webmarketpro.net\/es\/wp-json\/wp\/v2\/media?parent=2896"}],"wp:term":[{"taxonomy":"product_brand","embeddable":true,"href":"https:\/\/webmarketpro.net\/es\/wp-json\/wp\/v2\/product_brand?post=2896"},{"taxonomy":"product_cat","embeddable":true,"href":"https:\/\/webmarketpro.net\/es\/wp-json\/wp\/v2\/product_cat?post=2896"},{"taxonomy":"product_tag","embeddable":true,"href":"https:\/\/webmarketpro.net\/es\/wp-json\/wp\/v2\/product_tag?post=2896"}],"curies":[{"name":"wp","href":"https:\/\/api.w.org\/{rel}","templated":true}]}}