{"id":2900,"date":"2025-05-27T13:53:39","date_gmt":"2025-05-27T17:53:39","guid":{"rendered":"https:\/\/webmarketpro.net\/?post_type=product&#038;p=2900"},"modified":"2025-05-27T13:54:33","modified_gmt":"2025-05-27T17:54:33","slug":"elgato-wave-dx","status":"publish","type":"product","link":"https:\/\/webmarketpro.net\/es\/tienda\/elgato-wave-dx\/","title":{"rendered":"Elgato Wave DX"},"content":{"rendered":"","protected":false},"excerpt":{"rendered":"<p>Patr\u00f3n polar cardioide C\u00e1psula din\u00e1mica Respuesta de frecuencia: 50-15000 Hz Sensibilidad: 2,5 mV\/Pa, -52 dbV\/Pa Impedancia: 600 ohmios Soporte de 16,9 mm con adaptadores de rosca de 9,5 mm y 6,3 mm incluidos Conector XLR de 3 pines Contenido de la caja: Wave DX Adaptadores de rosca de 9,5 mm y 6,3 mm Soporte giratorio Gu\u00eda de inicio r\u00e1pido<\/p>","protected":false},"featured_media":2901,"template":"","meta":[],"product_brand":[30],"product_cat":[48],"product_tag":[31,49,51],"class_list":{"0":"post-2900","1":"product","2":"type-product","3":"status-publish","4":"has-post-thumbnail","6":"product_brand-el-gato","7":"product_cat-microfono","8":"product_tag-el-gato","9":"product_tag-microfono","10":"product_tag-wave-dx","12":"first","13":"instock","14":"downloadable","15":"virtual","16":"purchasable","17":"product-type-simple"},"_links":{"self":[{"href":"https:\/\/webmarketpro.net\/es\/wp-json\/wp\/v2\/product\/2900","targetHints":{"allow":["GET"]}}],"collection":[{"href":"https:\/\/webmarketpro.net\/es\/wp-json\/wp\/v2\/product"}],"about":[{"href":"https:\/\/webmarketpro.net\/es\/wp-json\/wp\/v2\/types\/product"}],"version-history":[{"count":0,"href":"https:\/\/webmarketpro.net\/es\/wp-json\/wp\/v2\/product\/2900\/revisions"}],"wp:featuredmedia":[{"embeddable":true,"href":"https:\/\/webmarketpro.net\/es\/wp-json\/wp\/v2\/media\/2901"}],"wp:attachment":[{"href":"https:\/\/webmarketpro.net\/es\/wp-json\/wp\/v2\/media?parent=2900"}],"wp:term":[{"taxonomy":"product_brand","embeddable":true,"href":"https:\/\/webmarketpro.net\/es\/wp-json\/wp\/v2\/product_brand?post=2900"},{"taxonomy":"product_cat","embeddable":true,"href":"https:\/\/webmarketpro.net\/es\/wp-json\/wp\/v2\/product_cat?post=2900"},{"taxonomy":"product_tag","embeddable":true,"href":"https:\/\/webmarketpro.net\/es\/wp-json\/wp\/v2\/product_tag?post=2900"}],"curies":[{"name":"wp","href":"https:\/\/api.w.org\/{rel}","templated":true}]}}