{"id":2982,"date":"2025-05-27T16:43:50","date_gmt":"2025-05-27T20:43:50","guid":{"rendered":"https:\/\/webmarketpro.net\/?page_id=2982"},"modified":"2025-05-27T16:45:02","modified_gmt":"2025-05-27T20:45:02","slug":"politica-de-envios","status":"publish","type":"page","link":"https:\/\/webmarketpro.net\/pt\/politica-de-envios\/","title":{"rendered":"pol\u00edtica de envios"},"content":{"rendered":"<div data-elementor-type=\"wp-page\" data-elementor-id=\"2982\" class=\"elementor elementor-2982\" data-elementor-post-type=\"page\">\n\t\t\t\t<div data-particle_enable=\"false\" data-particle-mobile-disabled=\"false\" class=\"elementor-element elementor-element-a1615e2 elementor-hidden-desktop elementor-hidden-tablet e-flex e-con-boxed e-con e-parent\" data-id=\"a1615e2\" data-element_type=\"container\" data-e-type=\"container\" data-settings=\"{&quot;ekit_has_onepagescroll_dot&quot;:&quot;yes&quot;}\">\n\t\t\t\t\t<div class=\"e-con-inner\">\n\t\t\t\t<div class=\"elementor-element elementor-element-0124651 elementor-widget elementor-widget-text-editor\" data-id=\"0124651\" data-element_type=\"widget\" data-e-type=\"widget\" data-settings=\"{&quot;ekit_we_effect_on&quot;:&quot;none&quot;}\" data-widget_type=\"text-editor.default\">\n\t\t\t\t<div class=\"elementor-widget-container\">\n\t\t\t\t\t\t\t\t\t<h3 data-sourcepos=\"3:1-3:61\"><strong>Pol\u00edtica de envios de WebMarketPro.net para Venezuela<\/strong><\/h3><p data-sourcepos=\"5:1-5:275\">No WebMarketPro.net, nos enorgullece ser sua ponte direta para rastrear a melhor tecnologia de EE. UU. at\u00e9 a porta de sua casa na Venezuela. N\u00f3s nos responsabilizamos por todo o processo de importa\u00e7\u00e3o e transporte internacional para que voc\u00ea s\u00f3 se preocupe em aproveitar sua compra.<\/p><hr data-sourcepos=\"7:1-7:3\" \/><h3 data-sourcepos=\"9:1-9:47\"><strong>Confirma\u00e7\u00e3o e Processamento de \u00d3rdenes<\/strong><\/h3><ul data-sourcepos=\"11:1-14:0\"><li data-sourcepos=\"11:1-11:97\">Todas as ordens est\u00e3o sujeitas \u00e0 disponibilidade de invent\u00e1rio e \u00e0 verifica\u00e7\u00e3o de pagamento.<\/li><li data-sourcepos=\"12:1-12:104\">Voc\u00ea receber\u00e1 uma <strong>confirma\u00e7\u00e3o do seu pedido<\/strong> por correio eletr\u00f4nico poco ap\u00f3s finalizar sua compra.<\/li><li data-sourcepos=\"13:1-14:0\">El <strong>processamento de sua ordem<\/strong> tomar\u00e1 entre <strong>24 e 48 horas h\u00e1biles<\/strong> a partir da confirma\u00e7\u00e3o do pagamento. Durante este tempo, preparamos seu pedido para o despacho internacional.<\/li><\/ul><hr data-sourcepos=\"15:1-15:3\" \/><h3 data-sourcepos=\"17:1-17:52\"><strong>Envios Internacionais e Tempos de Tr\u00e2nsito<\/strong><\/h3><p data-sourcepos=\"19:1-19:70\">Somos seus importadores e transportadores de EE. UU. at\u00e9 Venezuela.<\/p><ul data-sourcepos=\"21:1-25:0\"><li data-sourcepos=\"21:1-21:195\"><strong>O pre\u00e7o do seu produto inclui o custo do envio internacional<\/strong> desde EE. UU. at\u00e9 nosso centro de distribui\u00e7\u00e3o na Venezuela. N\u00e3o haver\u00e1 necessidade de pagar extra por esta parte do tabuleiro.<\/li><li data-sourcepos=\"22:1-22:176\"><strong>Tempo estimado de tr\u00e2nsito a\u00e9reo:<\/strong> Uma vez que seu pacote foi despachado de nosso centro em EE. UU., o tempo estimado para sua chegada \u00e0 Venezuela \u00e9 de <strong>15 dias<\/strong>.<\/li><li data-sourcepos=\"23:1-23:260\"><strong>Poss\u00edveis Retra\u00e7os:<\/strong> Consideramos uma margem m\u00e1xima de <strong>30 dias<\/strong> para a viagem do seu pacote para a Venezuela, caso voc\u00ea apresente algum atraso por parte da empresa de transporte a\u00e9reo ou aduaneiro. Te manteremos informados sobre qualquer eventualidade.<\/li><li data-sourcepos=\"24:1-25:0\"><strong>Reembolso por Demora na Llegada \u00e0 Venezuela:<\/strong> Se seu pacote n\u00e3o chegar \u00e0 Venezuela em um prazo m\u00e1ximo de <strong>30 dias<\/strong> contados desde a data de despacho de nosso centro em EE. UU., voc\u00ea pode exigir um <strong>reembolso completo do pagamento do seu produto<\/strong>.<\/li><\/ul><hr data-sourcepos=\"26:1-26:3\" \/><h3 data-sourcepos=\"28:1-28:65\"><strong>Envios Nacionais para a Venezuela e Tempos de Entrega Final<\/strong><\/h3><p data-sourcepos=\"30:1-30:148\">Uma vez que seu produto tenha sido transportado para a Venezuela e tenha passado pelo processo de importa\u00e7\u00e3o, prepare-se para o envio final para qualquer parte do pa\u00eds.<\/p><ul data-sourcepos=\"32:1-36:0\"><li data-sourcepos=\"32:1-32:464\"><strong>Custos de Envio Nacional:<\/strong> O custo do envio nacional na Venezuela <strong>N\u00c3O est\u00e1 inclu\u00eddo<\/strong> no pre\u00e7o do produto. Isso ser\u00e1 calculado e dever\u00e1 ser cubido uma vez que o produto seja levado ao nosso centro de distribui\u00e7\u00e3o na Venezuela. Receber\u00e1 informa\u00e7\u00f5es sobre os custos de acordo com a empresa de envios escolhida (MRW, Zoom ou Tealca) e poder\u00e1 realizar o pagamento deste servi\u00e7o diretamente com eles no momento da entrega ou de acordo com suas pol\u00edticas.<\/li><li data-sourcepos=\"33:1-33:263\"><strong>Empresas de Encomiendas:<\/strong> Trabalhamos com empresas de encomendas de trajet\u00f3ria reconhecida na Venezuela como <strong>MRW, Zoom e Tealca<\/strong> para garantir a cobertura e seguran\u00e7a de suas entregas finais. A escolha da empresa de envio final na Venezuela \u00e9 sua.<\/li><li data-sourcepos=\"34:1-34:414\"><strong>Tempo de Entrega Nacional:<\/strong> Uma vez que seu pedido \u00e9 despachado de nosso armaz\u00e9m na Venezuela, o tempo de entrega estimado \u00e9 de <strong>1 a 5 dias h\u00e1biles<\/strong>, dependendo da zona do pa\u00eds para onde se dirige. Tenha em mente que este local pode variar de acordo com raz\u00f5es log\u00edsticas ajenas \u00e0 nossa vontade, como condi\u00e7\u00f5es clim\u00e1ticas, feriados nacionais, problemas de transporte ou situa\u00e7\u00f5es de for\u00e7a maior.<\/li><li data-sourcepos=\"35:1-36:0\"><strong>Promo\u00e7\u00f5es de Envio:<\/strong> Ocasionalmente, WebMarketPro.net poder\u00e1 oferecer promo\u00e7\u00f5es de <strong>envio nacional gratuito<\/strong> em certas categorias de produtos ou em quantidades de compras espec\u00edficas, os quais ser\u00e3o certamente anunciados.<\/li><\/ul><hr data-sourcepos=\"37:1-37:3\" \/><h3 data-sourcepos=\"39:1-39:31\"><strong>Rastreamento do seu envio<\/strong><\/h3><ul data-sourcepos=\"41:1-43:0\"><li data-sourcepos=\"41:1-41:284\">Uma vez que sua ordem foi despachada de nosso centro em EE. UU. (para o tr\u00e2nsito internacional) e novamente quando for despachado de nosso almac\u00e9n na Venezuela (para o envio nacional), enviaremos correspond\u00eancias eletr\u00f4nicas com os respectivos <strong>n\u00fameros de guia ou rastreo<\/strong>.<\/li><li data-sourcepos=\"42:1-43:0\">Com este n\u00famero, voc\u00ea poder\u00e1 <strong>monitore o estado do seu envio<\/strong> diretamente na p\u00e1gina web do transportador at\u00e9 que voc\u00ea chegue ao seu destino.<\/li><\/ul><hr data-sourcepos=\"44:1-44:3\" \/><h3 data-sourcepos=\"46:1-46:52\"><strong>Considera\u00e7\u00f5es importantes sobre a entrega<\/strong><\/h3><ul data-sourcepos=\"48:1-52:0\"><li data-sourcepos=\"48:1-48:314\"><strong>Endere\u00e7o de envio:<\/strong> \u00c9 sua responsabilidade fornecer uma dire\u00e7\u00e3o de envio completa e correta. N\u00e3o nos responsabilizamos por atrasos ou entregas falhadas devido a informa\u00e7\u00f5es incorretas ou incompletas. Qualquer custo adicional gerado por reenvio devido a erros na dire\u00e7\u00e3o executada por sua conta.<\/li><li data-sourcepos=\"49:1-49:369\"><strong>Recep\u00e7\u00e3o do Pacote:<\/strong> No momento da entrega, recomendamos <strong>inspecionar o pacote cuidadosamente<\/strong> antes de firmar a conformidade da recep\u00e7\u00e3o. Se observar algum dano evidente na embalagem ou se suspeitar que o produto pode estar danificado, por favor, notifique imediatamente o pessoal da empresa de encomendas e anote no recibo de entrega.<\/li><li data-sourcepos=\"50:1-50:370\"><strong>Entrega Fallida:<\/strong> Se n\u00e3o houver ningu\u00e9m dispon\u00edvel para receber o pacote na dire\u00e7\u00e3o indicada, a empresa de encomendas tentar\u00e1 a entrega em uma ou em duas ocasi\u00f5es adicionais (de acordo com suas pol\u00edticas internacionais). Se a entrega for poss\u00edvel, o pacote ser\u00e1 entregue \u00e0s nossas instala\u00e7\u00f5es e os custos de um novo envio dever\u00e3o ser cobertos pelo cliente.<\/li><li data-sourcepos=\"51:1-52:0\"><strong>Riesgo de Perrdida o Da\u00f1o:<\/strong> O risco de perda ou dano dos produtos ser\u00e1 de sua responsabilidade uma vez que a empresa de encomendas tenha entregue o pacote na dire\u00e7\u00e3o indicada.<\/li><\/ul>\t\t\t\t\t\t\t\t<\/div>\n\t\t\t\t<\/div>\n\t\t\t\t\t<\/div>\n\t\t\t\t<\/div>\n\t\t\t\t<\/div>","protected":false},"excerpt":{"rendered":"<p>Pol\u00edtica de Env\u00edos de WebMarketPro.net para Venezuela En WebMarketPro.net, nos enorgullece ser tu puente directo para traer la mejor tecnolog\u00eda de EE. UU. hasta la puerta de tu casa en Venezuela. Nos encargamos de todo el proceso de importaci\u00f3n y transporte internacional para que t\u00fa solo te preocupes por disfrutar de tu compra. Confirmaci\u00f3n y [&hellip;]<\/p>","protected":false},"author":1,"featured_media":0,"parent":0,"menu_order":0,"comment_status":"closed","ping_status":"closed","template":"elementor_canvas","meta":{"footnotes":""},"class_list":["post-2982","page","type-page","status-publish","hentry"],"_links":{"self":[{"href":"https:\/\/webmarketpro.net\/pt\/wp-json\/wp\/v2\/pages\/2982","targetHints":{"allow":["GET"]}}],"collection":[{"href":"https:\/\/webmarketpro.net\/pt\/wp-json\/wp\/v2\/pages"}],"about":[{"href":"https:\/\/webmarketpro.net\/pt\/wp-json\/wp\/v2\/types\/page"}],"author":[{"embeddable":true,"href":"https:\/\/webmarketpro.net\/pt\/wp-json\/wp\/v2\/users\/1"}],"replies":[{"embeddable":true,"href":"https:\/\/webmarketpro.net\/pt\/wp-json\/wp\/v2\/comments?post=2982"}],"version-history":[{"count":7,"href":"https:\/\/webmarketpro.net\/pt\/wp-json\/wp\/v2\/pages\/2982\/revisions"}],"predecessor-version":[{"id":2989,"href":"https:\/\/webmarketpro.net\/pt\/wp-json\/wp\/v2\/pages\/2982\/revisions\/2989"}],"wp:attachment":[{"href":"https:\/\/webmarketpro.net\/pt\/wp-json\/wp\/v2\/media?parent=2982"}],"curies":[{"name":"wp","href":"https:\/\/api.w.org\/{rel}","templated":true}]}}