{"id":2894,"date":"2025-05-27T13:27:01","date_gmt":"2025-05-27T17:27:01","guid":{"rendered":"https:\/\/webmarketpro.net\/?post_type=product&#038;p=2894"},"modified":"2025-05-27T17:38:46","modified_gmt":"2025-05-27T21:38:46","slug":"arturia-minilab-3-compact-midi-keyboard-pad-controller","status":"publish","type":"product","link":"https:\/\/webmarketpro.net\/pt\/tienda\/arturia-minilab-3-controlador-de-pads-para-teclado-midi-compacto\/","title":{"rendered":"Arturia Minilab 3"},"content":{"rendered":"<p>Teclado MIDI compacto Arturia Minilab 3 e controlador de pad. Pr\u00e1tico e f\u00e1cil de usar Desde o teclado de grande tato at\u00e9 os pads e faders integrados diretamente ao Analog Lab e seu DAW, passando pela minipantalla em tempo real, cada aspecto do MiniLab 3 \u00e9 projetado para ser intuitivo, expressivo e um placer de uso, tanto para iniciantes como para profissionais. Libere seu som e desfrute criando m\u00fasica com um teclado MIDI plug-and-play que faz tudo: controlar seu DAW, desfrutar de teclas de qualidade profissional, introduzir melodias de sintetizador e loops de bateria, explorar centenas de sons e samples inclu\u00eddos e conectar equipamentos MIDI, tudo ao mesmo tempo. MiniLab 3 \u00e9 o driver que se adapta \u00e0s suas necessidades, estilo e fluxo de trabalho, para que voc\u00ea possa criar m\u00fasica exatamente como voc\u00ea gosta. Fun\u00e7\u00f5es criativas Aproveite um fluxo de trabalho que facilita o processo criativo, com fun\u00e7\u00f5es como um arpejador integrado, modo de acordes, presets de mapa DAW personalizados e transposi\u00e7\u00e3o simples. Criar m\u00fasica nunca foi t\u00e3o acess\u00edvel. O design port\u00e1til e compat\u00edvel com MiniLab 3 se integra \u00e0 perfei\u00e7\u00e3o em qualquer ambiente, desde o dormit\u00f3rio at\u00e9 o cen\u00e1rio, gra\u00e7as ao seu design compacto e leve, maior integra\u00e7\u00e3o com DAW e conectividade de sa\u00edda MIDI e USB-C. Design ecol\u00f3gico de longa dura\u00e7\u00e3o O MiniLab 3 foi projetado pensando na longevidade e na durabilidade. Seu design robusto e pronto para uso, sua constru\u00e7\u00e3o com pelo menos um 50 % de pl\u00e1stico reciclado e sua embalagem 100 % reciclado garantem que este driver seja dur\u00e1vel. Software criativo inclu\u00eddo Al\u00e9m de um driver MIDI de primeira classe, obter\u00e1 um pacote completo de software premium para criar m\u00fasica, de um DAW padr\u00e3o da ind\u00fastria at\u00e9 mais de 500 predefini\u00e7\u00f5es de sintetizador e listas de teclado para mezclar. Software inclu\u00eddo: Analog Lab Intro, Ableton Live Lite, UVI Model D, Native Instruments The Gentleman, pacotes de samples e assinatura em Loopcloud, assinatura em Melodics. Compat\u00edvel com Mac OS X e Windows.<\/p>","protected":false},"excerpt":{"rendered":"<p>Arturia Minilab 3 Compact MIDI keyboard &amp; Pad Controller. Pr\u00e1ctico y f\u00e1cil de usar Desde el teclado de gran tacto hasta los pads y faders integrados directamente con Analog Lab y tu DAW, pasando por la minipantalla en tiempo real, cada aspecto de MiniLab 3 est\u00e1 dise\u00f1ado para ser intuitivo, expresivo y un placer de [&hellip;]<\/p>","protected":false},"featured_media":2895,"template":"","meta":[],"product_brand":[39],"product_cat":[38,37],"product_tag":[40,41,42],"class_list":{"0":"post-2894","1":"product","2":"type-product","3":"status-publish","4":"has-post-thumbnail","6":"product_brand-arturia","7":"product_cat-keyboard","8":"product_cat-midi","9":"product_tag-arturia","10":"product_tag-keyboard","11":"product_tag-midi","13":"first","14":"instock","15":"downloadable","16":"virtual","17":"purchasable","18":"product-type-simple"},"_links":{"self":[{"href":"https:\/\/webmarketpro.net\/pt\/wp-json\/wp\/v2\/product\/2894","targetHints":{"allow":["GET"]}}],"collection":[{"href":"https:\/\/webmarketpro.net\/pt\/wp-json\/wp\/v2\/product"}],"about":[{"href":"https:\/\/webmarketpro.net\/pt\/wp-json\/wp\/v2\/types\/product"}],"version-history":[{"count":0,"href":"https:\/\/webmarketpro.net\/pt\/wp-json\/wp\/v2\/product\/2894\/revisions"}],"wp:featuredmedia":[{"embeddable":true,"href":"https:\/\/webmarketpro.net\/pt\/wp-json\/wp\/v2\/media\/2895"}],"wp:attachment":[{"href":"https:\/\/webmarketpro.net\/pt\/wp-json\/wp\/v2\/media?parent=2894"}],"wp:term":[{"taxonomy":"product_brand","embeddable":true,"href":"https:\/\/webmarketpro.net\/pt\/wp-json\/wp\/v2\/product_brand?post=2894"},{"taxonomy":"product_cat","embeddable":true,"href":"https:\/\/webmarketpro.net\/pt\/wp-json\/wp\/v2\/product_cat?post=2894"},{"taxonomy":"product_tag","embeddable":true,"href":"https:\/\/webmarketpro.net\/pt\/wp-json\/wp\/v2\/product_tag?post=2894"}],"curies":[{"name":"wp","href":"https:\/\/api.w.org\/{rel}","templated":true}]}}