{"id":2896,"date":"2025-05-27T13:39:32","date_gmt":"2025-05-27T17:39:32","guid":{"rendered":"https:\/\/webmarketpro.net\/?post_type=product&#038;p=2896"},"modified":"2025-05-27T17:37:40","modified_gmt":"2025-05-27T21:37:40","slug":"krk-classic-8-g3-8-classic-studio-monitor","status":"publish","type":"product","link":"https:\/\/webmarketpro.net\/pt\/tienda\/monitor-de-estudio-classico-krk-classic-8-g3-8\/","title":{"rendered":"KRK Classic 8 G3 8\u201d"},"content":{"rendered":"","protected":false},"excerpt":{"rendered":"<div class=\"gtx-body\">Com base no legado de precis\u00e3o e desempenho de KRK, a nova s\u00e9rie cl\u00e1ssica de monitores de est\u00fadio autoamplificados KRK incorpora mais de 30 anos de inova\u00e7\u00e3o. Tomando os conceitos de linha ROKIT fornecidos acima, a Serie Cl\u00e1sica adota uma nova solu\u00e7\u00e3o de frequ\u00eancia plana para um ouvido mais cr\u00edtico e mezclas mais preciso. Com a op\u00e7\u00e3o de ativar o ref\u00fagio de graves KRK de +2 dB, a Serie Cl\u00e1sica fornece a resposta de graves melhorada e o som que os criadores musicais de todo o mundo adoram durante anos. Todos os modelos da S\u00e9rie Cl\u00e1sica oferecem uma resposta natural e equilibrada com baixa distor\u00e7\u00e3o e uma imagem est\u00e9reo superior. Experimente cada matiz com os monitores do est\u00fadio KRK. Monitor de est\u00fadio profissional CLASSIC 8 El CLASSIC 8 \u00e9 um monitor de est\u00fadio ativo (autoamplificado) de duas vias que utiliza um tweeter de c\u00fapula lisa textil de 1\u2033 e um woofer de aramida de v\u00eddeo de 8\u2033. Os amplificadores de pot\u00eancia integrados fornecem um total de 100 vatios de potencia, com um amplificador de 75 vatios para o woofer e outro de 25 vatios para o tweeter.<\/div>","protected":false},"featured_media":2897,"template":"","meta":[],"product_brand":[44],"product_cat":[43],"product_tag":[46,45,47],"class_list":{"0":"post-2896","1":"product","2":"type-product","3":"status-publish","4":"has-post-thumbnail","6":"product_brand-krk","7":"product_cat-cornetas","8":"product_tag-cornetasd","9":"product_tag-krk-8","10":"product_tag-monitor-grabacion","12":"first","13":"instock","14":"downloadable","15":"virtual","16":"purchasable","17":"product-type-simple"},"_links":{"self":[{"href":"https:\/\/webmarketpro.net\/pt\/wp-json\/wp\/v2\/product\/2896","targetHints":{"allow":["GET"]}}],"collection":[{"href":"https:\/\/webmarketpro.net\/pt\/wp-json\/wp\/v2\/product"}],"about":[{"href":"https:\/\/webmarketpro.net\/pt\/wp-json\/wp\/v2\/types\/product"}],"version-history":[{"count":0,"href":"https:\/\/webmarketpro.net\/pt\/wp-json\/wp\/v2\/product\/2896\/revisions"}],"wp:featuredmedia":[{"embeddable":true,"href":"https:\/\/webmarketpro.net\/pt\/wp-json\/wp\/v2\/media\/2897"}],"wp:attachment":[{"href":"https:\/\/webmarketpro.net\/pt\/wp-json\/wp\/v2\/media?parent=2896"}],"wp:term":[{"taxonomy":"product_brand","embeddable":true,"href":"https:\/\/webmarketpro.net\/pt\/wp-json\/wp\/v2\/product_brand?post=2896"},{"taxonomy":"product_cat","embeddable":true,"href":"https:\/\/webmarketpro.net\/pt\/wp-json\/wp\/v2\/product_cat?post=2896"},{"taxonomy":"product_tag","embeddable":true,"href":"https:\/\/webmarketpro.net\/pt\/wp-json\/wp\/v2\/product_tag?post=2896"}],"curies":[{"name":"wp","href":"https:\/\/api.w.org\/{rel}","templated":true}]}}