{"id":2898,"date":"2025-05-27T13:48:55","date_gmt":"2025-05-27T17:48:55","guid":{"rendered":"https:\/\/webmarketpro.net\/?post_type=product&#038;p=2898"},"modified":"2025-05-27T17:36:07","modified_gmt":"2025-05-27T21:36:07","slug":"elgato-wave3-usb-condenser-microphone","status":"publish","type":"product","link":"https:\/\/webmarketpro.net\/pt\/tienda\/microfone-condensador-usb-elgato-wave3\/","title":{"rendered":"Elgato Wave 3"},"content":{"rendered":"","protected":false},"excerpt":{"rendered":"<div class=\"gtx-body\">Padr\u00e3o polar cardioide Resolu\u00e7\u00e3o de 24 bits Frequ\u00eancia de movimento de 48\/96 kHz Resposta de frequ\u00eancia de 70-20000 Hz -25 dBFS (ganho m\u00ednimo) | 15 dBFS (ganho m\u00e1ximo) SENSIBILIDADE 120 dB (140 dB com clipguard ativado) SPL M\u00c1XIMO 95 dB (115 dB com clipguard ativado) RANGO DIN\u00c1MICO Interface USB-C<\/div>","protected":false},"featured_media":2899,"template":"","meta":[],"product_brand":[30],"product_cat":[48],"product_tag":[49,50],"class_list":{"0":"post-2898","1":"product","2":"type-product","3":"status-publish","4":"has-post-thumbnail","6":"product_brand-el-gato","7":"product_cat-microfono","8":"product_tag-microfono","9":"product_tag-wave-3","11":"first","12":"instock","13":"downloadable","14":"virtual","15":"purchasable","16":"product-type-simple"},"_links":{"self":[{"href":"https:\/\/webmarketpro.net\/pt\/wp-json\/wp\/v2\/product\/2898","targetHints":{"allow":["GET"]}}],"collection":[{"href":"https:\/\/webmarketpro.net\/pt\/wp-json\/wp\/v2\/product"}],"about":[{"href":"https:\/\/webmarketpro.net\/pt\/wp-json\/wp\/v2\/types\/product"}],"version-history":[{"count":0,"href":"https:\/\/webmarketpro.net\/pt\/wp-json\/wp\/v2\/product\/2898\/revisions"}],"wp:featuredmedia":[{"embeddable":true,"href":"https:\/\/webmarketpro.net\/pt\/wp-json\/wp\/v2\/media\/2899"}],"wp:attachment":[{"href":"https:\/\/webmarketpro.net\/pt\/wp-json\/wp\/v2\/media?parent=2898"}],"wp:term":[{"taxonomy":"product_brand","embeddable":true,"href":"https:\/\/webmarketpro.net\/pt\/wp-json\/wp\/v2\/product_brand?post=2898"},{"taxonomy":"product_cat","embeddable":true,"href":"https:\/\/webmarketpro.net\/pt\/wp-json\/wp\/v2\/product_cat?post=2898"},{"taxonomy":"product_tag","embeddable":true,"href":"https:\/\/webmarketpro.net\/pt\/wp-json\/wp\/v2\/product_tag?post=2898"}],"curies":[{"name":"wp","href":"https:\/\/api.w.org\/{rel}","templated":true}]}}